{"id":1310,"date":"2023-11-01T20:27:50","date_gmt":"2023-11-01T20:27:50","guid":{"rendered":"https:\/\/mfs-rally.com\/?post_type=product&#038;p=1310"},"modified":"2026-03-28T11:28:25","modified_gmt":"2026-03-28T11:28:25","slug":"mando-bluetooth-terra-track","status":"publish","type":"product","link":"https:\/\/mfs-rally.com\/index.php\/product\/mando-bluetooth-terra-track\/","title":{"rendered":"Mando Bluetooth Roadbook Terra Track"},"content":{"rendered":"\t\t<div data-elementor-type=\"wp-post\" data-elementor-id=\"1310\" class=\"elementor elementor-1310\">\n\t\t\t\t\t\t\t<div class=\"elementor-element elementor-element-dc55d67 e-flex e-con-boxed e-con e-parent\" data-id=\"dc55d67\" data-element_type=\"container\" data-settings=\"{&quot;content_width&quot;:&quot;boxed&quot;}\" data-core-v316-plus=\"true\">\n\t\t\t\t\t<div class=\"e-con-inner\">\n\t\t\t\t<div class=\"elementor-element elementor-element-5633269 elementor-widget elementor-widget-video\" data-id=\"5633269\" data-element_type=\"widget\" data-settings=\"{&quot;youtube_url&quot;:&quot;https:\\\/\\\/www.youtube.com\\\/watch?v=V9eRqR-xC5I&quot;,&quot;video_type&quot;:&quot;youtube&quot;,&quot;controls&quot;:&quot;yes&quot;}\" data-widget_type=\"video.default\">\n\t\t\t\t<div class=\"elementor-widget-container\">\n\t\t\t<style>\/*! elementor - v3.17.0 - 01-11-2023 *\/\n.elementor-widget-video .elementor-widget-container{overflow:hidden;transform:translateZ(0)}.elementor-widget-video .elementor-wrapper{aspect-ratio:var(--video-aspect-ratio)}.elementor-widget-video .elementor-wrapper iframe,.elementor-widget-video .elementor-wrapper video{height:100%;width:100%;display:flex;border:none;background-color:#000}@supports not (aspect-ratio:1\/1){.elementor-widget-video .elementor-wrapper{position:relative;overflow:hidden;height:0;padding-bottom:calc(100% \/ var(--video-aspect-ratio))}.elementor-widget-video .elementor-wrapper iframe,.elementor-widget-video .elementor-wrapper video{position:absolute;top:0;right:0;bottom:0;left:0}}.elementor-widget-video .elementor-open-inline .elementor-custom-embed-image-overlay{position:absolute;top:0;right:0;bottom:0;left:0;background-size:cover;background-position:50%}.elementor-widget-video .elementor-custom-embed-image-overlay{cursor:pointer;text-align:center}.elementor-widget-video .elementor-custom-embed-image-overlay:hover .elementor-custom-embed-play i{opacity:1}.elementor-widget-video .elementor-custom-embed-image-overlay img{display:block;width:100%;aspect-ratio:var(--video-aspect-ratio);-o-object-fit:cover;object-fit:cover;-o-object-position:center center;object-position:center center}@supports not (aspect-ratio:1\/1){.elementor-widget-video .elementor-custom-embed-image-overlay{position:relative;overflow:hidden;height:0;padding-bottom:calc(100% \/ var(--video-aspect-ratio))}.elementor-widget-video .elementor-custom-embed-image-overlay img{position:absolute;top:0;right:0;bottom:0;left:0}}.elementor-widget-video .e-hosted-video .elementor-video{-o-object-fit:cover;object-fit:cover}.e-con-inner>.elementor-widget-video,.e-con>.elementor-widget-video{width:var(--container-widget-width);--flex-grow:var(--container-widget-flex-grow)}<\/style>\t\t<div class=\"elementor-wrapper elementor-open-inline\">\n\t\t\t<div class=\"elementor-video\"><\/div>\t\t<\/div>\n\t\t\t\t<\/div>\n\t\t\t\t<\/div>\n\t\t\t\t<div class=\"elementor-element elementor-element-4ca51ce9 elementor-widget elementor-widget-text-editor\" data-id=\"4ca51ce9\" data-element_type=\"widget\" data-widget_type=\"text-editor.default\">\n\t\t\t\t<div class=\"elementor-widget-container\">\n\t\t\t<style>\/*! elementor - v3.17.0 - 01-11-2023 *\/\n.elementor-widget-text-editor.elementor-drop-cap-view-stacked .elementor-drop-cap{background-color:#69727d;color:#fff}.elementor-widget-text-editor.elementor-drop-cap-view-framed .elementor-drop-cap{color:#69727d;border:3px solid;background-color:transparent}.elementor-widget-text-editor:not(.elementor-drop-cap-view-default) .elementor-drop-cap{margin-top:8px}.elementor-widget-text-editor:not(.elementor-drop-cap-view-default) .elementor-drop-cap-letter{width:1em;height:1em}.elementor-widget-text-editor .elementor-drop-cap{float:left;text-align:center;line-height:1;font-size:50px}.elementor-widget-text-editor .elementor-drop-cap-letter{display:inline-block}<\/style>\t\t\t\t<p><strong>TerraTrack: Tu Llave para una Aventura sin L\u00edmites<\/strong><\/p><p>Descubre el mundo del motor como nunca antes con TerraTrack, el Mando Bluetooth para Roadbook Digital que lo cambia todo.<\/p><p>Dise\u00f1ado con precisi\u00f3n artesanal en Antas, Almer\u00eda, TerraTrack es sin\u00f3nimo de calidad excepcional y rendimiento inigualable.<\/p><p>Su sofisticado dise\u00f1o de PCB no solo garantiza una conexi\u00f3n perfecta, sino que tambi\u00e9n es la clave de su resistencia al polvo y la humedad, convirti\u00e9ndolo en un compa\u00f1ero confiable en cualquier terreno.<\/p><p>Siente el poder en tus manos mientras navegas de manera inal\u00e1mbrica, y experimenta la libertad de explorar rutas desafiantes con la confianza de que TerraTrack estar\u00e1 a la altura del desaf\u00edo. No conformes con ser solo un accesorio, somos tu socio en cada giro, cada sendero, y cada nueva aventura. TerraTrack es mucho m\u00e1s que un mando, es tu pasaporte a la emoci\u00f3n todoterreno. \u00bfEst\u00e1s listo para tomar el control de tu viaje? Elige TerraTrack y comienza a forjar tu propio camino.<\/p>\t\t\t\t\t\t<\/div>\n\t\t\t\t<\/div>\n\t\t\t\t\t<\/div>\n\t\t\t\t<\/div>\n\t\t\t\t\t\t\t<\/div>\n\t\t","protected":false},"excerpt":{"rendered":"<p><strong><span style=\"font-size: 16px; -webkit-text-size-adjust: 100%;\">Env\u00edo GRATUITO<\/span><\/strong><\/p>\n<p><span style=\"font-size: 16px; -webkit-text-size-adjust: 100%;\">Sin instalaci\u00f3n ni cables, compatible con todas las aplicaciones (Piste Roadbook, Osmand, ORUX, Rally Navigator&#8230;)<\/span><\/p>\n<p>Funciona tanto en Tablet como en Smartphone.<\/p>\n","protected":false},"featured_media":1299,"template":"elementor_theme","meta":{"site-sidebar-layout":"default","site-content-layout":"","ast-site-content-layout":"default","site-content-style":"default","site-sidebar-style":"default","ast-global-header-display":"","ast-banner-title-visibility":"","ast-main-header-display":"","ast-hfb-above-header-display":"","ast-hfb-below-header-display":"","ast-hfb-mobile-header-display":"","site-post-title":"","ast-breadcrumbs-content":"","ast-featured-img":"","footer-sml-layout":"","theme-transparent-header-meta":"default","adv-header-id-meta":"","stick-header-meta":"","header-above-stick-meta":"","header-main-stick-meta":"","header-below-stick-meta":"","astra-migrate-meta-layouts":"set","ast-page-background-enabled":"default","ast-page-background-meta":{"desktop":{"background-color":"var(--ast-global-color-4)","background-image":"","background-repeat":"repeat","background-position":"center center","background-size":"auto","background-attachment":"scroll","background-type":"","background-media":"","overlay-type":"","overlay-color":"","overlay-gradient":""},"tablet":{"background-color":"","background-image":"","background-repeat":"repeat","background-position":"center center","background-size":"auto","background-attachment":"scroll","background-type":"","background-media":"","overlay-type":"","overlay-color":"","overlay-gradient":""},"mobile":{"background-color":"","background-image":"","background-repeat":"repeat","background-position":"center center","background-size":"auto","background-attachment":"scroll","background-type":"","background-media":"","overlay-type":"","overlay-color":"","overlay-gradient":""}},"ast-content-background-meta":{"desktop":{"background-color":"var(--ast-global-color-5)","background-image":"","background-repeat":"repeat","background-position":"center center","background-size":"auto","background-attachment":"scroll","background-type":"","background-media":"","overlay-type":"","overlay-color":"","overlay-gradient":""},"tablet":{"background-color":"var(--ast-global-color-5)","background-image":"","background-repeat":"repeat","background-position":"center center","background-size":"auto","background-attachment":"scroll","background-type":"","background-media":"","overlay-type":"","overlay-color":"","overlay-gradient":""},"mobile":{"background-color":"var(--ast-global-color-5)","background-image":"","background-repeat":"repeat","background-position":"center center","background-size":"auto","background-attachment":"scroll","background-type":"","background-media":"","overlay-type":"","overlay-color":"","overlay-gradient":""}}},"product_brand":[],"product_cat":[27],"product_tag":[],"class_list":{"0":"post-1310","1":"product","2":"type-product","3":"status-publish","4":"has-post-thumbnail","6":"product_cat-terra-track-roadbook","7":"product_shipping_class-terratrack","8":"desktop-align-left","9":"tablet-align-left","10":"mobile-align-left","11":"ast-product-gallery-layout-horizontal-slider","12":"ast-product-tabs-layout-horizontal","13":"ast-qv-on-image","15":"first","16":"outofstock","17":"shipping-taxable","18":"purchasable","19":"product-type-simple"},"yoast_head":"<!-- This site is optimized with the Yoast SEO plugin v22.3 - https:\/\/yoast.com\/wordpress\/plugins\/seo\/ -->\n<title>Mando Bluetooth Roadbook Terra Track -<\/title>\n<meta name=\"description\" content=\"TerraTrack: El Mando Bluetooth para Roadbook Digital de calidad excepcional, dise\u00f1ado en Antas, Almer\u00eda. Controla tu navegaci\u00f3n todoterreno con precisi\u00f3n y resistencia al polvo y la humedad. Tu compa\u00f1ero confiable en cada aventura todoterreno. \u00a1Explora m\u00e1s con TerraTrack!\" \/>\n<meta name=\"robots\" content=\"index, follow, max-snippet:-1, max-image-preview:large, max-video-preview:-1\" \/>\n<link rel=\"canonical\" href=\"https:\/\/mfs-rally.com\/index.php\/product\/mando-bluetooth-terra-track\/\" \/>\n<meta property=\"og:locale\" content=\"es_ES\" \/>\n<meta property=\"og:type\" content=\"article\" \/>\n<meta property=\"og:title\" content=\"Mando Bluetooth Roadbook Terra Track -\" \/>\n<meta property=\"og:description\" content=\"TerraTrack: El Mando Bluetooth para Roadbook Digital de calidad excepcional, dise\u00f1ado en Antas, Almer\u00eda. Controla tu navegaci\u00f3n todoterreno con precisi\u00f3n y resistencia al polvo y la humedad. Tu compa\u00f1ero confiable en cada aventura todoterreno. \u00a1Explora m\u00e1s con TerraTrack!\" \/>\n<meta property=\"og:url\" content=\"https:\/\/mfs-rally.com\/index.php\/product\/mando-bluetooth-terra-track\/\" \/>\n<meta property=\"article:modified_time\" content=\"2026-03-28T11:28:25+00:00\" \/>\n<meta property=\"og:image\" content=\"https:\/\/mfs-rally.com\/wp-content\/uploads\/2023\/11\/mandov1-negro.jpeg\" \/>\n\t<meta property=\"og:image:width\" content=\"768\" \/>\n\t<meta property=\"og:image:height\" content=\"1024\" \/>\n\t<meta property=\"og:image:type\" content=\"image\/jpeg\" \/>\n<meta name=\"twitter:card\" content=\"summary_large_image\" \/>\n<meta name=\"twitter:label1\" content=\"Tiempo de lectura\" \/>\n\t<meta name=\"twitter:data1\" content=\"1 minuto\" \/>\n<script type=\"application\/ld+json\" class=\"yoast-schema-graph\">{\"@context\":\"https:\/\/schema.org\",\"@graph\":[{\"@type\":\"WebPage\",\"@id\":\"https:\/\/mfs-rally.com\/index.php\/product\/mando-bluetooth-terra-track\/\",\"url\":\"https:\/\/mfs-rally.com\/index.php\/product\/mando-bluetooth-terra-track\/\",\"name\":\"Mando Bluetooth Roadbook Terra Track -\",\"isPartOf\":{\"@id\":\"https:\/\/mfs-rally.com\/#website\"},\"primaryImageOfPage\":{\"@id\":\"https:\/\/mfs-rally.com\/index.php\/product\/mando-bluetooth-terra-track\/#primaryimage\"},\"image\":{\"@id\":\"https:\/\/mfs-rally.com\/index.php\/product\/mando-bluetooth-terra-track\/#primaryimage\"},\"thumbnailUrl\":\"https:\/\/mfs-rally.com\/wp-content\/uploads\/2023\/11\/mandov1-negro.jpeg\",\"datePublished\":\"2023-11-01T20:27:50+00:00\",\"dateModified\":\"2026-03-28T11:28:25+00:00\",\"description\":\"TerraTrack: El Mando Bluetooth para Roadbook Digital de calidad excepcional, dise\u00f1ado en Antas, Almer\u00eda. Controla tu navegaci\u00f3n todoterreno con precisi\u00f3n y resistencia al polvo y la humedad. Tu compa\u00f1ero confiable en cada aventura todoterreno. \u00a1Explora m\u00e1s con TerraTrack!\",\"breadcrumb\":{\"@id\":\"https:\/\/mfs-rally.com\/index.php\/product\/mando-bluetooth-terra-track\/#breadcrumb\"},\"inLanguage\":\"es\",\"potentialAction\":[{\"@type\":\"ReadAction\",\"target\":[\"https:\/\/mfs-rally.com\/index.php\/product\/mando-bluetooth-terra-track\/\"]}]},{\"@type\":\"ImageObject\",\"inLanguage\":\"es\",\"@id\":\"https:\/\/mfs-rally.com\/index.php\/product\/mando-bluetooth-terra-track\/#primaryimage\",\"url\":\"https:\/\/mfs-rally.com\/wp-content\/uploads\/2023\/11\/mandov1-negro.jpeg\",\"contentUrl\":\"https:\/\/mfs-rally.com\/wp-content\/uploads\/2023\/11\/mandov1-negro.jpeg\",\"width\":768,\"height\":1024},{\"@type\":\"BreadcrumbList\",\"@id\":\"https:\/\/mfs-rally.com\/index.php\/product\/mando-bluetooth-terra-track\/#breadcrumb\",\"itemListElement\":[{\"@type\":\"ListItem\",\"position\":1,\"name\":\"Home\",\"item\":\"https:\/\/mfs-rally.com\/\"},{\"@type\":\"ListItem\",\"position\":2,\"name\":\"Tienda\",\"item\":\"https:\/\/mfs-rally.com\/index.php\/tienda\/\"},{\"@type\":\"ListItem\",\"position\":3,\"name\":\"Mando Bluetooth Roadbook Terra Track\"}]},{\"@type\":\"WebSite\",\"@id\":\"https:\/\/mfs-rally.com\/#website\",\"url\":\"https:\/\/mfs-rally.com\/\",\"name\":\"MFS Rally\",\"description\":\"\",\"publisher\":{\"@id\":\"https:\/\/mfs-rally.com\/#organization\"},\"potentialAction\":[{\"@type\":\"SearchAction\",\"target\":{\"@type\":\"EntryPoint\",\"urlTemplate\":\"https:\/\/mfs-rally.com\/?s={search_term_string}\"},\"query-input\":\"required name=search_term_string\"}],\"inLanguage\":\"es\"},{\"@type\":\"Organization\",\"@id\":\"https:\/\/mfs-rally.com\/#organization\",\"name\":\"MFS Rally\",\"url\":\"https:\/\/mfs-rally.com\/\",\"logo\":{\"@type\":\"ImageObject\",\"inLanguage\":\"es\",\"@id\":\"https:\/\/mfs-rally.com\/#\/schema\/logo\/image\/\",\"url\":\"https:\/\/mfs-rally.com\/wp-content\/uploads\/2023\/10\/cropped-logo-v1.png\",\"contentUrl\":\"https:\/\/mfs-rally.com\/wp-content\/uploads\/2023\/10\/cropped-logo-v1.png\",\"width\":429,\"height\":221,\"caption\":\"MFS Rally\"},\"image\":{\"@id\":\"https:\/\/mfs-rally.com\/#\/schema\/logo\/image\/\"}}]}<\/script>\n<!-- \/ Yoast SEO plugin. -->","yoast_head_json":{"title":"Mando Bluetooth Roadbook Terra Track -","description":"TerraTrack: El Mando Bluetooth para Roadbook Digital de calidad excepcional, dise\u00f1ado en Antas, Almer\u00eda. Controla tu navegaci\u00f3n todoterreno con precisi\u00f3n y resistencia al polvo y la humedad. Tu compa\u00f1ero confiable en cada aventura todoterreno. \u00a1Explora m\u00e1s con TerraTrack!","robots":{"index":"index","follow":"follow","max-snippet":"max-snippet:-1","max-image-preview":"max-image-preview:large","max-video-preview":"max-video-preview:-1"},"canonical":"https:\/\/mfs-rally.com\/index.php\/product\/mando-bluetooth-terra-track\/","og_locale":"es_ES","og_type":"article","og_title":"Mando Bluetooth Roadbook Terra Track -","og_description":"TerraTrack: El Mando Bluetooth para Roadbook Digital de calidad excepcional, dise\u00f1ado en Antas, Almer\u00eda. Controla tu navegaci\u00f3n todoterreno con precisi\u00f3n y resistencia al polvo y la humedad. Tu compa\u00f1ero confiable en cada aventura todoterreno. \u00a1Explora m\u00e1s con TerraTrack!","og_url":"https:\/\/mfs-rally.com\/index.php\/product\/mando-bluetooth-terra-track\/","article_modified_time":"2026-03-28T11:28:25+00:00","og_image":[{"width":768,"height":1024,"url":"https:\/\/mfs-rally.com\/wp-content\/uploads\/2023\/11\/mandov1-negro.jpeg","type":"image\/jpeg"}],"twitter_card":"summary_large_image","twitter_misc":{"Tiempo de lectura":"1 minuto"},"schema":{"@context":"https:\/\/schema.org","@graph":[{"@type":"WebPage","@id":"https:\/\/mfs-rally.com\/index.php\/product\/mando-bluetooth-terra-track\/","url":"https:\/\/mfs-rally.com\/index.php\/product\/mando-bluetooth-terra-track\/","name":"Mando Bluetooth Roadbook Terra Track -","isPartOf":{"@id":"https:\/\/mfs-rally.com\/#website"},"primaryImageOfPage":{"@id":"https:\/\/mfs-rally.com\/index.php\/product\/mando-bluetooth-terra-track\/#primaryimage"},"image":{"@id":"https:\/\/mfs-rally.com\/index.php\/product\/mando-bluetooth-terra-track\/#primaryimage"},"thumbnailUrl":"https:\/\/mfs-rally.com\/wp-content\/uploads\/2023\/11\/mandov1-negro.jpeg","datePublished":"2023-11-01T20:27:50+00:00","dateModified":"2026-03-28T11:28:25+00:00","description":"TerraTrack: El Mando Bluetooth para Roadbook Digital de calidad excepcional, dise\u00f1ado en Antas, Almer\u00eda. Controla tu navegaci\u00f3n todoterreno con precisi\u00f3n y resistencia al polvo y la humedad. Tu compa\u00f1ero confiable en cada aventura todoterreno. \u00a1Explora m\u00e1s con TerraTrack!","breadcrumb":{"@id":"https:\/\/mfs-rally.com\/index.php\/product\/mando-bluetooth-terra-track\/#breadcrumb"},"inLanguage":"es","potentialAction":[{"@type":"ReadAction","target":["https:\/\/mfs-rally.com\/index.php\/product\/mando-bluetooth-terra-track\/"]}]},{"@type":"ImageObject","inLanguage":"es","@id":"https:\/\/mfs-rally.com\/index.php\/product\/mando-bluetooth-terra-track\/#primaryimage","url":"https:\/\/mfs-rally.com\/wp-content\/uploads\/2023\/11\/mandov1-negro.jpeg","contentUrl":"https:\/\/mfs-rally.com\/wp-content\/uploads\/2023\/11\/mandov1-negro.jpeg","width":768,"height":1024},{"@type":"BreadcrumbList","@id":"https:\/\/mfs-rally.com\/index.php\/product\/mando-bluetooth-terra-track\/#breadcrumb","itemListElement":[{"@type":"ListItem","position":1,"name":"Home","item":"https:\/\/mfs-rally.com\/"},{"@type":"ListItem","position":2,"name":"Tienda","item":"https:\/\/mfs-rally.com\/index.php\/tienda\/"},{"@type":"ListItem","position":3,"name":"Mando Bluetooth Roadbook Terra Track"}]},{"@type":"WebSite","@id":"https:\/\/mfs-rally.com\/#website","url":"https:\/\/mfs-rally.com\/","name":"MFS Rally","description":"","publisher":{"@id":"https:\/\/mfs-rally.com\/#organization"},"potentialAction":[{"@type":"SearchAction","target":{"@type":"EntryPoint","urlTemplate":"https:\/\/mfs-rally.com\/?s={search_term_string}"},"query-input":"required name=search_term_string"}],"inLanguage":"es"},{"@type":"Organization","@id":"https:\/\/mfs-rally.com\/#organization","name":"MFS Rally","url":"https:\/\/mfs-rally.com\/","logo":{"@type":"ImageObject","inLanguage":"es","@id":"https:\/\/mfs-rally.com\/#\/schema\/logo\/image\/","url":"https:\/\/mfs-rally.com\/wp-content\/uploads\/2023\/10\/cropped-logo-v1.png","contentUrl":"https:\/\/mfs-rally.com\/wp-content\/uploads\/2023\/10\/cropped-logo-v1.png","width":429,"height":221,"caption":"MFS Rally"},"image":{"@id":"https:\/\/mfs-rally.com\/#\/schema\/logo\/image\/"}}]}},"_links":{"self":[{"href":"https:\/\/mfs-rally.com\/index.php\/wp-json\/wp\/v2\/product\/1310","targetHints":{"allow":["GET"]}}],"collection":[{"href":"https:\/\/mfs-rally.com\/index.php\/wp-json\/wp\/v2\/product"}],"about":[{"href":"https:\/\/mfs-rally.com\/index.php\/wp-json\/wp\/v2\/types\/product"}],"version-history":[{"count":28,"href":"https:\/\/mfs-rally.com\/index.php\/wp-json\/wp\/v2\/product\/1310\/revisions"}],"predecessor-version":[{"id":1709,"href":"https:\/\/mfs-rally.com\/index.php\/wp-json\/wp\/v2\/product\/1310\/revisions\/1709"}],"wp:featuredmedia":[{"embeddable":true,"href":"https:\/\/mfs-rally.com\/index.php\/wp-json\/wp\/v2\/media\/1299"}],"wp:attachment":[{"href":"https:\/\/mfs-rally.com\/index.php\/wp-json\/wp\/v2\/media?parent=1310"}],"wp:term":[{"taxonomy":"product_brand","embeddable":true,"href":"https:\/\/mfs-rally.com\/index.php\/wp-json\/wp\/v2\/product_brand?post=1310"},{"taxonomy":"product_cat","embeddable":true,"href":"https:\/\/mfs-rally.com\/index.php\/wp-json\/wp\/v2\/product_cat?post=1310"},{"taxonomy":"product_tag","embeddable":true,"href":"https:\/\/mfs-rally.com\/index.php\/wp-json\/wp\/v2\/product_tag?post=1310"}],"curies":[{"name":"wp","href":"https:\/\/api.w.org\/{rel}","templated":true}]}}